{"id":5224,"date":"2025-01-08T17:28:57","date_gmt":"2025-01-08T16:28:57","guid":{"rendered":"https:\/\/vonschutz.com\/posciel-perkalowa-nocny-granat\/"},"modified":"2025-12-12T16:41:27","modified_gmt":"2025-12-12T15:41:27","slug":"posciel-perkalowa-nocny-granat","status":"publish","type":"product","link":"https:\/\/vonschuetz.com\/pl\/posciel-perkalowa-nocny-granat\/","title":{"rendered":"Po\u015bciel Perkalowa Nocny Granat"},"content":{"rendered":"<p>Zanurz si\u0119 w g\u0142\u0119bi\u0119 nocy z nasz\u0105 po\u015bciel\u0105 z perkalu \u201cUnico\u201d w kolorze nocnego granatu, mistrzowsko wykonan\u0105 w Niemczech. Stworzona z najdelikatniejszej czesanej bawe\u0142ny Cotton USA\u2122 i certyfikowana zgodnie z OEKO-TEX\u00ae Standard 100, ta po\u015bciel zapewnia maksymaln\u0105 mi\u0119kko\u015b\u0107 i komfortowy klimat snu. Jej g\u0142\u0119boki, granatowy kolor emanuje spokojem i elegancj\u0105, przekszta\u0142caj\u0105c Twoj\u0105 sypialni\u0119 w nocn\u0105 oaz\u0119 relaksu. Dzi\u0119ki \u0142atwej piel\u0119gnacji i przyjaznej dla \u015brodowiska produkcji mo\u017cesz cieszy\u0107 si\u0119 luksusowym komfortem snu ka\u017cdej nocy.   <\/p>\n","protected":false},"excerpt":{"rendered":"<ul>\n<li>Wysokiej jako\u015bci po\u015bciel z perkalu w kolorze nocnego granatu<\/li>\n<li>Czesana bawe\u0142na Mako COTTON USA\u2122<\/li>\n<li>Mi\u0119kka i drobno tkana, posiada certyfikat OEKO-TEX\u00ae Standard 100<\/li>\n<li>Ukryty zamek b\u0142yskawiczny w poszewkach na poduszki i ko\u0142dry<\/li>\n<li>Szyte na zam\u00f3wienie specjalnie dla Ciebie w naszych w\u0142asnych atelier w Polsce i Niemczech<\/li>\n<\/ul>\n","protected":false},"featured_media":2489,"comment_status":"open","ping_status":"closed","template":"","meta":{"_acf_changed":false},"product_brand":[],"product_cat":[67,53],"product_tag":[],"class_list":{"0":"post-5224","1":"product","2":"type-product","3":"status-publish","4":"has-post-thumbnail","6":"product_cat-posciel-perkalowa","7":"product_cat-posciel","9":"first","10":"instock","11":"taxable","12":"shipping-taxable","13":"purchasable","14":"product-type-woosg"},"acf":[],"_links":{"self":[{"href":"https:\/\/vonschuetz.com\/pl\/wp-json\/wp\/v2\/product\/5224","targetHints":{"allow":["GET"]}}],"collection":[{"href":"https:\/\/vonschuetz.com\/pl\/wp-json\/wp\/v2\/product"}],"about":[{"href":"https:\/\/vonschuetz.com\/pl\/wp-json\/wp\/v2\/types\/product"}],"replies":[{"embeddable":true,"href":"https:\/\/vonschuetz.com\/pl\/wp-json\/wp\/v2\/comments?post=5224"}],"wp:featuredmedia":[{"embeddable":true,"href":"https:\/\/vonschuetz.com\/pl\/wp-json\/wp\/v2\/media\/2489"}],"wp:attachment":[{"href":"https:\/\/vonschuetz.com\/pl\/wp-json\/wp\/v2\/media?parent=5224"}],"wp:term":[{"taxonomy":"product_brand","embeddable":true,"href":"https:\/\/vonschuetz.com\/pl\/wp-json\/wp\/v2\/product_brand?post=5224"},{"taxonomy":"product_cat","embeddable":true,"href":"https:\/\/vonschuetz.com\/pl\/wp-json\/wp\/v2\/product_cat?post=5224"},{"taxonomy":"product_tag","embeddable":true,"href":"https:\/\/vonschuetz.com\/pl\/wp-json\/wp\/v2\/product_tag?post=5224"}],"curies":[{"name":"wp","href":"https:\/\/api.w.org\/{rel}","templated":true}]}}