{"id":5291,"date":"2025-01-08T15:14:47","date_gmt":"2025-01-08T14:14:47","guid":{"rendered":"https:\/\/vonschutz.com\/poszwa-na-koldre-z-perkalu-malwa-brudny-roz\/"},"modified":"2025-09-16T09:13:45","modified_gmt":"2025-09-16T08:13:45","slug":"poszwa-na-koldre-z-perkalu-malwa-brudny-roz","status":"publish","type":"product","link":"https:\/\/vonschuetz.com\/pl\/poszwa-na-koldre-z-perkalu-malwa-brudny-roz\/","title":{"rendered":"Poszwa na ko\u0142dr\u0119 z perkalu Malwa Brudny r\u00f3\u017c"},"content":{"rendered":"<p>Poczuj nut\u0119 elegancji dzi\u0119ki naszej poszwie na ko\u0142dr\u0119 z perkalu \u201cUnico\u201d w kolorze malwy brudny r\u00f3\u017c, starannie wyprodukowanej w Niemczech. Wykonana z najdelikatniejszej czesanej bawe\u0142ny Cotton USA\u2122 i certyfikowana zgodnie z OEKO-TEX\u00ae Standard 100, oferuje wyj\u0105tkow\u0105 mi\u0119kko\u015b\u0107 i przyjemny klimat snu. Jej subtelny, szlachetny odcie\u0144 altrosa dodaje sypialni ciep\u0142ej i przytulnej atmosfery. Dzi\u0119ki \u0142atwej piel\u0119gnacji i zr\u00f3wnowa\u017conej produkcji, zapewnia komfortowy sen ka\u017cdej nocy w najwy\u017cszej jako\u015bci.   <\/p>\n","protected":false},"excerpt":{"rendered":"<ul>\n<li>Wysokiej jako\u015bci poszwa na ko\u0142dr\u0119 z perkalu w kolorze malwy Brudny r\u00f3\u017c<\/li>\n<li>Czesana bawe\u0142na Mako COTTON USA\u2122<\/li>\n<li>Mi\u0119kka i drobno tkana, posiada certyfikat OEKO-TEX\u00ae Standard 100<\/li>\n<li>Ukryty zamek b\u0142yskawiczny<\/li>\n<li>Wyprodukowano w Niemczech<\/li>\n<\/ul>\n","protected":false},"featured_media":2502,"comment_status":"open","ping_status":"closed","template":"","meta":{"_acf_changed":false},"product_brand":[],"product_cat":[493],"product_tag":[],"class_list":{"0":"post-5291","1":"product","2":"type-product","3":"status-publish","4":"has-post-thumbnail","6":"product_cat-poszwy-na-koldry","8":"first","9":"onbackorder","10":"taxable","11":"shipping-taxable","12":"purchasable","13":"product-type-variable","14":"has-default-attributes"},"acf":[],"_links":{"self":[{"href":"https:\/\/vonschuetz.com\/pl\/wp-json\/wp\/v2\/product\/5291","targetHints":{"allow":["GET"]}}],"collection":[{"href":"https:\/\/vonschuetz.com\/pl\/wp-json\/wp\/v2\/product"}],"about":[{"href":"https:\/\/vonschuetz.com\/pl\/wp-json\/wp\/v2\/types\/product"}],"replies":[{"embeddable":true,"href":"https:\/\/vonschuetz.com\/pl\/wp-json\/wp\/v2\/comments?post=5291"}],"wp:featuredmedia":[{"embeddable":true,"href":"https:\/\/vonschuetz.com\/pl\/wp-json\/wp\/v2\/media\/2502"}],"wp:attachment":[{"href":"https:\/\/vonschuetz.com\/pl\/wp-json\/wp\/v2\/media?parent=5291"}],"wp:term":[{"taxonomy":"product_brand","embeddable":true,"href":"https:\/\/vonschuetz.com\/pl\/wp-json\/wp\/v2\/product_brand?post=5291"},{"taxonomy":"product_cat","embeddable":true,"href":"https:\/\/vonschuetz.com\/pl\/wp-json\/wp\/v2\/product_cat?post=5291"},{"taxonomy":"product_tag","embeddable":true,"href":"https:\/\/vonschuetz.com\/pl\/wp-json\/wp\/v2\/product_tag?post=5291"}],"curies":[{"name":"wp","href":"https:\/\/api.w.org\/{rel}","templated":true}]}}