{"id":5317,"date":"2025-01-08T15:26:09","date_gmt":"2025-01-08T14:26:09","guid":{"rendered":"https:\/\/vonschutz.com\/przescieradlo-bez-gumki-z-perkalu-malwa-brudny-roz\/"},"modified":"2025-01-08T15:26:09","modified_gmt":"2025-01-08T14:26:09","slug":"przescieradlo-bez-gumki-z-perkalu-malwa-brudny-roz","status":"publish","type":"product","link":"https:\/\/vonschuetz.com\/pl\/przescieradlo-bez-gumki-z-perkalu-malwa-brudny-roz\/","title":{"rendered":"Prze\u015bcierad\u0142o bez gumki z perkalu Malwa Brudny r\u00f3\u017c"},"content":{"rendered":"<p>Dodaj odrobin\u0119 subtelnej elegancji do swojej sypialni z prze\u015bcierad\u0142em z perkalu Unico w kolorze malwy brudny r\u00f3\u017c. Wykonane z najwy\u017cszej jako\u015bci czesanej bawe\u0142ny Mako Cotton USA\u2122 i certyfikowane zgodnie z OEKO-TEX\u00ae Standard 100, to prze\u015bcierad\u0142o bez gumki zapewnia lekkie, oddychaj\u0105ce doznania podczas snu. Wyprodukowane w Niemczech, \u0142\u0105czy jako\u015b\u0107 i zr\u00f3wnowa\u017cony rozw\u00f3j w delikatnym, romantycznym odcieniu altrosa, kt\u00f3ry nadaje wn\u0119trzu wyj\u0105tkowego uroku.  <\/p>\n<div>\n<h3>Prze\u015bcierad\u0142o bez gumki - pasuj\u0105ce do materaca<\/h3>\n<table class=\"table table-striped table-sizegudie\">\n<thead>\n<tr>\n<th>Rozmiar<\/th>\n<th>Szeroko\u015b\u0107 materaca<\/th>\n<th>D\u0142ugo\u015b\u0107 materaca<\/th>\n<th>Wysoko\u015b\u0107 materaca<\/th>\n<\/tr>\n<\/thead>\n<tbody>\n<tr>\n<td>214x294 cm<\/td>\n<td>do 120 cm<\/td>\n<td>do 200 cm<\/td>\n<td>do 27 cm<\/td>\n<\/tr>\n<tr>\n<td>254x294 cm<\/td>\n<td>do 160 cm<\/td>\n<td>do 200 cm<\/td>\n<td>do 27 cm<\/td>\n<\/tr>\n<tr>\n<td>294x314 cm<\/td>\n<td>do 200 cm<\/td>\n<td>do 220 cm<\/td>\n<td>do 27 cm<\/td>\n<\/tr>\n<\/tbody>\n<\/table>\n<\/div>\n","protected":false},"excerpt":{"rendered":"<ul>\n<li>Eleganckie prze\u015bcierad\u0142o bez gumki z perkalu w kolorze malwy brudny r\u00f3\u017c<\/li>\n<li>Czesana bawe\u0142na Mako COTTON USA\u2122<\/li>\n<li>Mi\u0119kka i drobno tkana, posiada certyfikat OEKO-TEX\u00ae Standard 100<\/li>\n<li>Lekkie, ch\u0142odz\u0105ce i oddychaj\u0105ce<\/li>\n<li>Wyprodukowano w Niemczech<\/li>\n<\/ul>\n","protected":false},"featured_media":2341,"comment_status":"open","ping_status":"closed","template":"","meta":{"_acf_changed":false},"product_brand":[],"product_cat":[76,82],"product_tag":[],"class_list":{"0":"post-5317","1":"product","2":"type-product","3":"status-publish","4":"has-post-thumbnail","6":"product_cat-przescieradla","7":"product_cat-przescieradla-bez-gumki","9":"first","10":"instock","11":"taxable","12":"shipping-taxable","13":"purchasable","14":"product-type-variable","15":"has-default-attributes"},"acf":[],"_links":{"self":[{"href":"https:\/\/vonschuetz.com\/pl\/wp-json\/wp\/v2\/product\/5317","targetHints":{"allow":["GET"]}}],"collection":[{"href":"https:\/\/vonschuetz.com\/pl\/wp-json\/wp\/v2\/product"}],"about":[{"href":"https:\/\/vonschuetz.com\/pl\/wp-json\/wp\/v2\/types\/product"}],"replies":[{"embeddable":true,"href":"https:\/\/vonschuetz.com\/pl\/wp-json\/wp\/v2\/comments?post=5317"}],"wp:featuredmedia":[{"embeddable":true,"href":"https:\/\/vonschuetz.com\/pl\/wp-json\/wp\/v2\/media\/2341"}],"wp:attachment":[{"href":"https:\/\/vonschuetz.com\/pl\/wp-json\/wp\/v2\/media?parent=5317"}],"wp:term":[{"taxonomy":"product_brand","embeddable":true,"href":"https:\/\/vonschuetz.com\/pl\/wp-json\/wp\/v2\/product_brand?post=5317"},{"taxonomy":"product_cat","embeddable":true,"href":"https:\/\/vonschuetz.com\/pl\/wp-json\/wp\/v2\/product_cat?post=5317"},{"taxonomy":"product_tag","embeddable":true,"href":"https:\/\/vonschuetz.com\/pl\/wp-json\/wp\/v2\/product_tag?post=5317"}],"curies":[{"name":"wp","href":"https:\/\/api.w.org\/{rel}","templated":true}]}}