{"id":5321,"date":"2025-01-08T17:57:57","date_gmt":"2025-01-08T16:57:57","guid":{"rendered":"https:\/\/vonschutz.com\/posciel-perkalowa-malwa-brudny-roz\/"},"modified":"2025-12-12T16:36:10","modified_gmt":"2025-12-12T15:36:10","slug":"posciel-perkalowa-malwa-brudny-roz","status":"publish","type":"product","link":"https:\/\/vonschuetz.com\/pl\/posciel-perkalowa-malwa-brudny-roz\/","title":{"rendered":"Po\u015bciel Perkalowa Malwa Brudny r\u00f3\u017c"},"content":{"rendered":"<p>Poczuj nut\u0119 elegancji dzi\u0119ki naszej po\u015bcieli z perkalu \u201cUnico\u201d w kolorze malwy brudny r\u00f3\u017c, starannie wyprodukowanej w Niemczech. Wykonana z najdelikatniejszej czesanej bawe\u0142ny Cotton USA\u2122 i certyfikowana zgodnie z OEKO-TEX\u00ae Standard 100, oferuje wyj\u0105tkow\u0105 mi\u0119kko\u015b\u0107 i komfortowy klimat snu. Jej delikatny, romantyczny odcie\u0144 altrosa tworzy przytuln\u0105, eleganck\u0105 atmosfer\u0119, idealn\u0105 do relaksu i odpoczynku. Dzi\u0119ki \u0142atwej piel\u0119gnacji i przyjaznej dla \u015brodowiska produkcji, zapewnia luksusowy komfort snu ka\u017cdej nocy.   <\/p>\n","protected":false},"excerpt":{"rendered":"<ul>\n<li>Wysokiej jako\u015bci po\u015bciel z perkalu w kolorze malwy brudny r\u00f3\u017c<\/li>\n<li>Czesana bawe\u0142na Mako COTTON USA\u2122<\/li>\n<li>Mi\u0119kka i drobno tkana, posiada certyfikat OEKO-TEX\u00ae Standard 100<\/li>\n<li>Ukryty zamek b\u0142yskawiczny w poszewkach na poduszki i ko\u0142dry<\/li>\n<li>Szyte na zam\u00f3wienie specjalnie dla Ciebie w naszych w\u0142asnych atelier w Polsce i Niemczech<\/li>\n<\/ul>\n","protected":false},"featured_media":2502,"comment_status":"open","ping_status":"closed","template":"","meta":{"_acf_changed":false},"product_brand":[],"product_cat":[67,53],"product_tag":[],"class_list":{"0":"post-5321","1":"product","2":"type-product","3":"status-publish","4":"has-post-thumbnail","6":"product_cat-posciel-perkalowa","7":"product_cat-posciel","9":"first","10":"instock","11":"taxable","12":"shipping-taxable","13":"purchasable","14":"product-type-woosg"},"acf":[],"_links":{"self":[{"href":"https:\/\/vonschuetz.com\/pl\/wp-json\/wp\/v2\/product\/5321","targetHints":{"allow":["GET"]}}],"collection":[{"href":"https:\/\/vonschuetz.com\/pl\/wp-json\/wp\/v2\/product"}],"about":[{"href":"https:\/\/vonschuetz.com\/pl\/wp-json\/wp\/v2\/types\/product"}],"replies":[{"embeddable":true,"href":"https:\/\/vonschuetz.com\/pl\/wp-json\/wp\/v2\/comments?post=5321"}],"wp:featuredmedia":[{"embeddable":true,"href":"https:\/\/vonschuetz.com\/pl\/wp-json\/wp\/v2\/media\/2502"}],"wp:attachment":[{"href":"https:\/\/vonschuetz.com\/pl\/wp-json\/wp\/v2\/media?parent=5321"}],"wp:term":[{"taxonomy":"product_brand","embeddable":true,"href":"https:\/\/vonschuetz.com\/pl\/wp-json\/wp\/v2\/product_brand?post=5321"},{"taxonomy":"product_cat","embeddable":true,"href":"https:\/\/vonschuetz.com\/pl\/wp-json\/wp\/v2\/product_cat?post=5321"},{"taxonomy":"product_tag","embeddable":true,"href":"https:\/\/vonschuetz.com\/pl\/wp-json\/wp\/v2\/product_tag?post=5321"}],"curies":[{"name":"wp","href":"https:\/\/api.w.org\/{rel}","templated":true}]}}