{"id":5371,"date":"2025-01-08T14:34:12","date_gmt":"2025-01-08T13:34:12","guid":{"rendered":"https:\/\/vonschutz.com\/poszewka-na-poduszke-z-perkalu-ciemnozielony-las\/"},"modified":"2025-09-16T11:49:27","modified_gmt":"2025-09-16T10:49:27","slug":"poszewka-na-poduszke-z-perkalu-ciemnozielony-las","status":"publish","type":"product","link":"https:\/\/vonschuetz.com\/pl\/poszewka-na-poduszke-z-perkalu-ciemnozielony-las\/","title":{"rendered":"Poszewka na poduszk\u0119 z perkalu Ciemnozielony Las"},"content":{"rendered":"<p>Poczuj g\u0142\u0119bok\u0105 harmoni\u0119 natury z nasz\u0105 ciemnozielon\u0105 lasu poszewk\u0105 na poduszk\u0119 Unico, starannie wykonan\u0105 w Niemczech. Stworzona z najwy\u017cszej jako\u015bci czesanej bawe\u0142ny Cotton USA\u2122, certyfikowana zgodnie z OEKO-TEX\u00ae Standard 100, oferuje niezr\u00f3wnan\u0105 mi\u0119kko\u015b\u0107 i doskona\u0142y komfort snu. Jej g\u0142\u0119boki, elegancki odcie\u0144 ciemnej zieleni nada Twojej sypialni luksusowy i jednocze\u015bnie naturalny wygl\u0105d. Dzi\u0119ki \u0142atwej piel\u0119gnacji i ekologicznemu procesowi produkcji, zapewnia ka\u017cdej nocy relaksuj\u0105cy sen w najwy\u017cszej jako\u015bci.   <\/p>\n","protected":false},"excerpt":{"rendered":"<ul>\n<li>Wysokiej jako\u015bci poszewka na poduszk\u0119 z perkalu w kolorze ciemnozielonym lasu<\/li>\n<li>Czesana bawe\u0142na Mako COTTON USA\u2122<\/li>\n<li>Mi\u0119kka i drobno tkana, posiada certyfikat OEKO-TEX\u00ae Standard 100<\/li>\n<li>Ukryty zamek b\u0142yskawiczny<\/li>\n<li>Wyprodukowano w Niemczech<\/li>\n<\/ul>\n","protected":false},"featured_media":2514,"comment_status":"open","ping_status":"closed","template":"","meta":{"_acf_changed":false},"product_brand":[],"product_cat":[492],"product_tag":[],"class_list":{"0":"post-5371","1":"product","2":"type-product","3":"status-publish","4":"has-post-thumbnail","6":"product_cat-poszewki","8":"first","9":"instock","10":"taxable","11":"shipping-taxable","12":"purchasable","13":"product-type-variable","14":"has-default-attributes"},"acf":[],"_links":{"self":[{"href":"https:\/\/vonschuetz.com\/pl\/wp-json\/wp\/v2\/product\/5371","targetHints":{"allow":["GET"]}}],"collection":[{"href":"https:\/\/vonschuetz.com\/pl\/wp-json\/wp\/v2\/product"}],"about":[{"href":"https:\/\/vonschuetz.com\/pl\/wp-json\/wp\/v2\/types\/product"}],"replies":[{"embeddable":true,"href":"https:\/\/vonschuetz.com\/pl\/wp-json\/wp\/v2\/comments?post=5371"}],"wp:featuredmedia":[{"embeddable":true,"href":"https:\/\/vonschuetz.com\/pl\/wp-json\/wp\/v2\/media\/2514"}],"wp:attachment":[{"href":"https:\/\/vonschuetz.com\/pl\/wp-json\/wp\/v2\/media?parent=5371"}],"wp:term":[{"taxonomy":"product_brand","embeddable":true,"href":"https:\/\/vonschuetz.com\/pl\/wp-json\/wp\/v2\/product_brand?post=5371"},{"taxonomy":"product_cat","embeddable":true,"href":"https:\/\/vonschuetz.com\/pl\/wp-json\/wp\/v2\/product_cat?post=5371"},{"taxonomy":"product_tag","embeddable":true,"href":"https:\/\/vonschuetz.com\/pl\/wp-json\/wp\/v2\/product_tag?post=5371"}],"curies":[{"name":"wp","href":"https:\/\/api.w.org\/{rel}","templated":true}]}}