{"id":5388,"date":"2025-01-08T14:45:23","date_gmt":"2025-01-08T13:45:23","guid":{"rendered":"https:\/\/vonschutz.com\/poszwa-na-koldre-z-perkalu-w-kolorze-ciemnozielony-las\/"},"modified":"2025-09-16T11:47:19","modified_gmt":"2025-09-16T10:47:19","slug":"poszwa-na-koldre-z-perkalu-w-kolorze-ciemnozielony-las","status":"publish","type":"product","link":"https:\/\/vonschuetz.com\/pl\/poszwa-na-koldre-z-perkalu-w-kolorze-ciemnozielony-las\/","title":{"rendered":"Poszwa na ko\u0142dr\u0119 z perkalu w kolorze Ciemnozielony Las"},"content":{"rendered":"<p>Zanurz si\u0119 w g\u0142\u0119bokim spokoju lasu dzi\u0119ki naszej ciemnozielonego lasu poszwie na ko\u0142dr\u0119 Unico, starannie wykonanej w Niemczech. Wykonana z najdelikatniejszej czesanej bawe\u0142ny Cotton USA\u2122 i certyfikowana zgodnie z OEKO-TEX\u00ae Standard 100, zapewnia wyj\u0105tkow\u0105 mi\u0119kko\u015b\u0107 i optymalny mikroklimat snu. Jej g\u0142\u0119boki, naturalny odcie\u0144 zieleni nadaje sypialni elegancki i koj\u0105cy charakter. \u0141atwa w piel\u0119gnacji i ekologicznie wyprodukowana, gwarantuje niezr\u00f3wnany komfort snu ka\u017cdej nocy.   <\/p>\n","protected":false},"excerpt":{"rendered":"<ul>\n<li>Wysokiej jako\u015bci poszwa na ko\u0142dr\u0119 z perkalu w kolorze ciemnozielonym lasu<\/li>\n<li>Czesana bawe\u0142na Mako COTTON USA\u2122<\/li>\n<li>Mi\u0119kka i drobno tkana, posiada certyfikat OEKO-TEX\u00ae Standard 100<\/li>\n<li>Ukryty zamek b\u0142yskawiczny<\/li>\n<li>Wyprodukowano w Niemczech<\/li>\n<\/ul>\n","protected":false},"featured_media":2514,"comment_status":"open","ping_status":"closed","template":"","meta":{"_acf_changed":false},"product_brand":[],"product_cat":[493],"product_tag":[],"class_list":{"0":"post-5388","1":"product","2":"type-product","3":"status-publish","4":"has-post-thumbnail","6":"product_cat-poszwy-na-koldry","8":"first","9":"onbackorder","10":"taxable","11":"shipping-taxable","12":"purchasable","13":"product-type-variable","14":"has-default-attributes"},"acf":[],"_links":{"self":[{"href":"https:\/\/vonschuetz.com\/pl\/wp-json\/wp\/v2\/product\/5388","targetHints":{"allow":["GET"]}}],"collection":[{"href":"https:\/\/vonschuetz.com\/pl\/wp-json\/wp\/v2\/product"}],"about":[{"href":"https:\/\/vonschuetz.com\/pl\/wp-json\/wp\/v2\/types\/product"}],"replies":[{"embeddable":true,"href":"https:\/\/vonschuetz.com\/pl\/wp-json\/wp\/v2\/comments?post=5388"}],"wp:featuredmedia":[{"embeddable":true,"href":"https:\/\/vonschuetz.com\/pl\/wp-json\/wp\/v2\/media\/2514"}],"wp:attachment":[{"href":"https:\/\/vonschuetz.com\/pl\/wp-json\/wp\/v2\/media?parent=5388"}],"wp:term":[{"taxonomy":"product_brand","embeddable":true,"href":"https:\/\/vonschuetz.com\/pl\/wp-json\/wp\/v2\/product_brand?post=5388"},{"taxonomy":"product_cat","embeddable":true,"href":"https:\/\/vonschuetz.com\/pl\/wp-json\/wp\/v2\/product_cat?post=5388"},{"taxonomy":"product_tag","embeddable":true,"href":"https:\/\/vonschuetz.com\/pl\/wp-json\/wp\/v2\/product_tag?post=5388"}],"curies":[{"name":"wp","href":"https:\/\/api.w.org\/{rel}","templated":true}]}}