{"id":5405,"date":"2025-01-08T14:53:35","date_gmt":"2025-01-08T13:53:35","guid":{"rendered":"https:\/\/vonschutz.com\/przescieradlo-z-gumka-z-perkalu-ciemnozielony-las\/"},"modified":"2025-09-16T11:45:24","modified_gmt":"2025-09-16T10:45:24","slug":"przescieradlo-z-gumka-z-perkalu-ciemnozielony-las","status":"publish","type":"product","link":"https:\/\/vonschuetz.com\/pl\/przescieradlo-z-gumka-z-perkalu-ciemnozielony-las\/","title":{"rendered":"Prze\u015bcierad\u0142o z gumk\u0105 z perkalu Ciemnozielony Las"},"content":{"rendered":"<p><strong>Wyj\u0105tkowy komfort snu z prze\u015bcierad\u0142em z gumk\u0105 Unico w kolorze ciemnozielonym lasu<\/strong><\/p>\n<p>Wykonane z najwy\u017cszej jako\u015bci czesanej bawe\u0142ny Mako Cotton USA\u2122 o g\u0119sto\u015bci splotu 200 TC, certyfikowane zgodnie z OEKO-TEX\u00ae Standard 100, to prze\u015bcierad\u0142o oferuje przyjemny, ch\u0142odz\u0105cy i oddychaj\u0105cy komfort snu, idealne na ka\u017cd\u0105 por\u0119 roku.<\/p>\n","protected":false},"excerpt":{"rendered":"<ul>\n<li>Eleganckie prze\u015bcierad\u0142o bez gumki z perkalu w kolorze ciemnozielonym lasu<\/li>\n<li>Czesana bawe\u0142na Mako COTTON USA\u2122<\/li>\n<li>Mi\u0119kka i drobno tkana, posiada certyfikat OEKO-TEX\u00ae Standard 100<\/li>\n<li>Lekkie, ch\u0142odz\u0105ce i oddychaj\u0105ce<\/li>\n<li>Wyprodukowano w Niemczech<\/li>\n<\/ul>\n","protected":false},"featured_media":2386,"comment_status":"open","ping_status":"closed","template":"","meta":{"_acf_changed":false},"product_brand":[],"product_cat":[79,76],"product_tag":[],"class_list":{"0":"post-5405","1":"product","2":"type-product","3":"status-publish","4":"has-post-thumbnail","6":"product_cat-przescieradla-z-gumka","7":"product_cat-przescieradla","9":"first","10":"instock","11":"taxable","12":"shipping-taxable","13":"purchasable","14":"product-type-variable","15":"has-default-attributes"},"acf":[],"_links":{"self":[{"href":"https:\/\/vonschuetz.com\/pl\/wp-json\/wp\/v2\/product\/5405","targetHints":{"allow":["GET"]}}],"collection":[{"href":"https:\/\/vonschuetz.com\/pl\/wp-json\/wp\/v2\/product"}],"about":[{"href":"https:\/\/vonschuetz.com\/pl\/wp-json\/wp\/v2\/types\/product"}],"replies":[{"embeddable":true,"href":"https:\/\/vonschuetz.com\/pl\/wp-json\/wp\/v2\/comments?post=5405"}],"wp:featuredmedia":[{"embeddable":true,"href":"https:\/\/vonschuetz.com\/pl\/wp-json\/wp\/v2\/media\/2386"}],"wp:attachment":[{"href":"https:\/\/vonschuetz.com\/pl\/wp-json\/wp\/v2\/media?parent=5405"}],"wp:term":[{"taxonomy":"product_brand","embeddable":true,"href":"https:\/\/vonschuetz.com\/pl\/wp-json\/wp\/v2\/product_brand?post=5405"},{"taxonomy":"product_cat","embeddable":true,"href":"https:\/\/vonschuetz.com\/pl\/wp-json\/wp\/v2\/product_cat?post=5405"},{"taxonomy":"product_tag","embeddable":true,"href":"https:\/\/vonschuetz.com\/pl\/wp-json\/wp\/v2\/product_tag?post=5405"}],"curies":[{"name":"wp","href":"https:\/\/api.w.org\/{rel}","templated":true}]}}