{"id":5467,"date":"2025-01-08T14:01:55","date_gmt":"2025-01-08T13:01:55","guid":{"rendered":"https:\/\/vonschutz.com\/poszewka-na-poduszke-perlowy-jasnoszary\/"},"modified":"2025-09-16T10:27:37","modified_gmt":"2025-09-16T09:27:37","slug":"poszewka-na-poduszke-perlowy-jasnoszary","status":"publish","type":"product","link":"https:\/\/vonschuetz.com\/pl\/poszewka-na-poduszke-perlowy-jasnoszary\/","title":{"rendered":"Poszewka na poduszk\u0119 Per\u0142owy Jasnoszary"},"content":{"rendered":"<p>Poczuj delikatny luksus z nasz\u0105 poszewk\u0105 na poduszk\u0119 Unico w kolorze per\u0142owym jasnoszarym, dumnie wyprodukowan\u0105 w Niemczech. Stworzona z najwy\u017cszej jako\u015bci czesanej bawe\u0142ny Cotton USA\u2122, certyfikowana zgodnie z OEKO-TEX\u00ae Standard 100, zapewnia niezr\u00f3wnan\u0105 mi\u0119kko\u015b\u0107 i optymalne warunki snu. Jej subtelny, elegancki odcie\u0144 jasnoszaro\u015bci promieniuje spokojem i harmoni\u0105, czyni\u0105c Twoj\u0105 sypialni\u0119 oaz\u0105 relaksu. Dzi\u0119ki \u0142atwej piel\u0119gnacji i ekologicznemu procesowi produkcji, gwarantuje komfortowy sen ka\u017cdej nocy.   <\/p>\n","protected":false},"excerpt":{"rendered":"<ul>\n<li>Wysokiej jako\u015bci poszewka na poduszk\u0119 z perkalu w kolorze per\u0142owym jasnoszarym<\/li>\n<li>Czesana bawe\u0142na Mako COTTON USA\u2122<\/li>\n<li>Mi\u0119kka i drobno tkana, posiada certyfikat OEKO-TEX\u00ae Standard 100<\/li>\n<li>Ukryty zamek b\u0142yskawiczny<\/li>\n<li>Wyprodukowano w Niemczech<\/li>\n<\/ul>\n","protected":false},"featured_media":2529,"comment_status":"open","ping_status":"closed","template":"","meta":{"_acf_changed":false},"product_brand":[],"product_cat":[492],"product_tag":[],"class_list":{"0":"post-5467","1":"product","2":"type-product","3":"status-publish","4":"has-post-thumbnail","6":"product_cat-poszewki","8":"first","9":"instock","10":"taxable","11":"shipping-taxable","12":"purchasable","13":"product-type-variable","14":"has-default-attributes"},"acf":[],"_links":{"self":[{"href":"https:\/\/vonschuetz.com\/pl\/wp-json\/wp\/v2\/product\/5467","targetHints":{"allow":["GET"]}}],"collection":[{"href":"https:\/\/vonschuetz.com\/pl\/wp-json\/wp\/v2\/product"}],"about":[{"href":"https:\/\/vonschuetz.com\/pl\/wp-json\/wp\/v2\/types\/product"}],"replies":[{"embeddable":true,"href":"https:\/\/vonschuetz.com\/pl\/wp-json\/wp\/v2\/comments?post=5467"}],"wp:featuredmedia":[{"embeddable":true,"href":"https:\/\/vonschuetz.com\/pl\/wp-json\/wp\/v2\/media\/2529"}],"wp:attachment":[{"href":"https:\/\/vonschuetz.com\/pl\/wp-json\/wp\/v2\/media?parent=5467"}],"wp:term":[{"taxonomy":"product_brand","embeddable":true,"href":"https:\/\/vonschuetz.com\/pl\/wp-json\/wp\/v2\/product_brand?post=5467"},{"taxonomy":"product_cat","embeddable":true,"href":"https:\/\/vonschuetz.com\/pl\/wp-json\/wp\/v2\/product_cat?post=5467"},{"taxonomy":"product_tag","embeddable":true,"href":"https:\/\/vonschuetz.com\/pl\/wp-json\/wp\/v2\/product_tag?post=5467"}],"curies":[{"name":"wp","href":"https:\/\/api.w.org\/{rel}","templated":true}]}}