{"id":5610,"date":"2025-01-08T17:58:06","date_gmt":"2025-01-08T16:58:06","guid":{"rendered":"https:\/\/vonschutz.com\/posciel-perkalowa-azur-jasnoniebieski\/"},"modified":"2025-12-12T16:35:40","modified_gmt":"2025-12-12T15:35:40","slug":"posciel-perkalowa-azur-jasnoniebieski","status":"publish","type":"product","link":"https:\/\/vonschuetz.com\/pl\/posciel-perkalowa-azur-jasnoniebieski\/","title":{"rendered":"Po\u015bciel Perkalowa Azur Jasnoniebieski"},"content":{"rendered":"<p>Poczuj \u015bwie\u017co\u015b\u0107 porannego powietrza z nasz\u0105 po\u015bciel\u0105 Unico w kolorze azur jasnoniebieskim, starannie wykonan\u0105 w Niemczech. Stworzona z najwy\u017cszej jako\u015bci czesanej bawe\u0142ny Cotton USA\u2122, certyfikowana zgodnie z OEKO-TEX\u00ae Standard 100, zapewnia niezr\u00f3wnan\u0105 mi\u0119kko\u015b\u0107 i optymalne warunki snu. Jej subtelny, pastelowy b\u0142\u0119kit przywo\u0142uje na my\u015bl czyste niebo i spokojne fale morza, tworz\u0105c atmosfer\u0119 odpr\u0119\u017cenia i harmonii. Dzi\u0119ki \u0142atwej piel\u0119gnacji i ekologicznemu procesowi produkcji, oferuje luksusowy komfort snu ka\u017cdej nocy.   <\/p>\n","protected":false},"excerpt":{"rendered":"<ul>\n<li>Szlachetna po\u015bciel perkalowa w pastelowym b\u0142\u0119kicie<\/li>\n<li>Czesana bawe\u0142na Mako COTTON USA\u2122<\/li>\n<li>Mi\u0119kka i drobno tkana, posiada certyfikat OEKO-TEX\u00ae Standard 100<\/li>\n<li>Ukryty zamek b\u0142yskawiczny w poszewkach na poduszki i ko\u0142dry<\/li>\n<li>Szyte na zam\u00f3wienie specjalnie dla Ciebie w naszych w\u0142asnych atelier w Polsce i Niemczech<\/li>\n<\/ul>\n","protected":false},"featured_media":2544,"comment_status":"open","ping_status":"closed","template":"","meta":{"_acf_changed":false},"product_brand":[],"product_cat":[67,53],"product_tag":[],"class_list":{"0":"post-5610","1":"product","2":"type-product","3":"status-publish","4":"has-post-thumbnail","6":"product_cat-posciel-perkalowa","7":"product_cat-posciel","9":"first","10":"instock","11":"taxable","12":"shipping-taxable","13":"purchasable","14":"product-type-woosg"},"acf":[],"_links":{"self":[{"href":"https:\/\/vonschuetz.com\/pl\/wp-json\/wp\/v2\/product\/5610","targetHints":{"allow":["GET"]}}],"collection":[{"href":"https:\/\/vonschuetz.com\/pl\/wp-json\/wp\/v2\/product"}],"about":[{"href":"https:\/\/vonschuetz.com\/pl\/wp-json\/wp\/v2\/types\/product"}],"replies":[{"embeddable":true,"href":"https:\/\/vonschuetz.com\/pl\/wp-json\/wp\/v2\/comments?post=5610"}],"wp:featuredmedia":[{"embeddable":true,"href":"https:\/\/vonschuetz.com\/pl\/wp-json\/wp\/v2\/media\/2544"}],"wp:attachment":[{"href":"https:\/\/vonschuetz.com\/pl\/wp-json\/wp\/v2\/media?parent=5610"}],"wp:term":[{"taxonomy":"product_brand","embeddable":true,"href":"https:\/\/vonschuetz.com\/pl\/wp-json\/wp\/v2\/product_brand?post=5610"},{"taxonomy":"product_cat","embeddable":true,"href":"https:\/\/vonschuetz.com\/pl\/wp-json\/wp\/v2\/product_cat?post=5610"},{"taxonomy":"product_tag","embeddable":true,"href":"https:\/\/vonschuetz.com\/pl\/wp-json\/wp\/v2\/product_tag?post=5610"}],"curies":[{"name":"wp","href":"https:\/\/api.w.org\/{rel}","templated":true}]}}