{"id":5659,"date":"2025-01-08T12:23:11","date_gmt":"2025-01-08T11:23:11","guid":{"rendered":"https:\/\/vonschutz.com\/poszewka-na-poduszke-z-perkalu-kremowy-bez\/"},"modified":"2025-09-16T13:57:22","modified_gmt":"2025-09-16T12:57:22","slug":"poszewka-na-poduszke-z-perkalu-kremowy-bez","status":"publish","type":"product","link":"https:\/\/vonschuetz.com\/pl\/poszewka-na-poduszke-z-perkalu-kremowy-bez\/","title":{"rendered":"Poszewka na poduszk\u0119 z perkalu Kremowy Be\u017c"},"content":{"rendered":"<p>Przekszta\u0142\u0107 swoj\u0105 sypialni\u0119 w oaz\u0119 spokoju dzi\u0119ki naszej poszewce na poduszk\u0119 Unico w odcieniu kremowego be\u017cu, starannie wykonanej w Niemczech. Ta luksusowa po\u015bciel, stworzona z najwy\u017cszej jako\u015bci czesanej bawe\u0142ny Cotton USA\u2122 i certyfikowana zgodnie z OEKO-TEX\u00ae Standard 100, zapewnia niezr\u00f3wnan\u0105 mi\u0119kko\u015b\u0107 i przyjemne warunki snu. Jej elegancki, subtelny design w ciep\u0142ym odcieniu be\u017cu wprowadza do wn\u0119trza klasyczn\u0105 harmoni\u0119 i ponadczasow\u0105 estetyk\u0119. \u0141atwa w piel\u0119gnacji i ekologicznie wyprodukowana, gwarantuje komfortowy i regeneruj\u0105cy sen ka\u017cdej nocy.   <\/p>\n","protected":false},"excerpt":{"rendered":"<ul>\n<li>Wysokiej jako\u015bci poszewka na poduszk\u0119 z perkalu w kremowym odcieniu be\u017cu<\/li>\n<li>Czesana bawe\u0142na Mako COTTON USA\u2122<\/li>\n<li>Mi\u0119kka i drobno tkana, posiada certyfikat OEKO-TEX\u00ae Standard 100<\/li>\n<li>Ukryty zamek b\u0142yskawiczny<\/li>\n<li>Wyprodukowano w Niemczech<\/li>\n<\/ul>\n","protected":false},"featured_media":2556,"comment_status":"open","ping_status":"closed","template":"","meta":{"_acf_changed":false},"product_brand":[],"product_cat":[492],"product_tag":[],"class_list":{"0":"post-5659","1":"product","2":"type-product","3":"status-publish","4":"has-post-thumbnail","6":"product_cat-poszewki","8":"first","9":"instock","10":"taxable","11":"shipping-taxable","12":"purchasable","13":"product-type-variable","14":"has-default-attributes"},"acf":[],"_links":{"self":[{"href":"https:\/\/vonschuetz.com\/pl\/wp-json\/wp\/v2\/product\/5659","targetHints":{"allow":["GET"]}}],"collection":[{"href":"https:\/\/vonschuetz.com\/pl\/wp-json\/wp\/v2\/product"}],"about":[{"href":"https:\/\/vonschuetz.com\/pl\/wp-json\/wp\/v2\/types\/product"}],"replies":[{"embeddable":true,"href":"https:\/\/vonschuetz.com\/pl\/wp-json\/wp\/v2\/comments?post=5659"}],"wp:featuredmedia":[{"embeddable":true,"href":"https:\/\/vonschuetz.com\/pl\/wp-json\/wp\/v2\/media\/2556"}],"wp:attachment":[{"href":"https:\/\/vonschuetz.com\/pl\/wp-json\/wp\/v2\/media?parent=5659"}],"wp:term":[{"taxonomy":"product_brand","embeddable":true,"href":"https:\/\/vonschuetz.com\/pl\/wp-json\/wp\/v2\/product_brand?post=5659"},{"taxonomy":"product_cat","embeddable":true,"href":"https:\/\/vonschuetz.com\/pl\/wp-json\/wp\/v2\/product_cat?post=5659"},{"taxonomy":"product_tag","embeddable":true,"href":"https:\/\/vonschuetz.com\/pl\/wp-json\/wp\/v2\/product_tag?post=5659"}],"curies":[{"name":"wp","href":"https:\/\/api.w.org\/{rel}","templated":true}]}}