{"id":5706,"date":"2025-01-08T13:04:40","date_gmt":"2025-01-08T12:04:40","guid":{"rendered":"https:\/\/vonschutz.com\/posciel-perkalowa-kremowy-bez\/"},"modified":"2025-12-12T16:43:10","modified_gmt":"2025-12-12T15:43:10","slug":"posciel-perkalowa-kremowy-bez","status":"publish","type":"product","link":"https:\/\/vonschuetz.com\/pl\/posciel-perkalowa-kremowy-bez\/","title":{"rendered":"Po\u015bciel Perkalowa Kremowy Be\u017c"},"content":{"rendered":"<p>Przekszta\u0142\u0107 swoj\u0105 sypialni\u0119 w oaz\u0119 spokoju dzi\u0119ki naszej po\u015bcieli Unico w odcieniu kremowego be\u017cu, starannie wykonanej w Niemczech. Stworzona z najwy\u017cszej jako\u015bci czesanej bawe\u0142ny Cotton USA\u2122, certyfikowana zgodnie z OEKO-TEX\u00ae Standard 100, zapewnia niezr\u00f3wnan\u0105 mi\u0119kko\u015b\u0107 i optymalne warunki snu. Jej subtelny, ciep\u0142y odcie\u0144 be\u017cu dodaje wn\u0119trzu harmonii i ponadczasowej elegancji, tworz\u0105c atmosfer\u0119 relaksu i komfortu. Dzi\u0119ki \u0142atwej piel\u0119gnacji i ekologicznemu procesowi produkcji, oferuje luksusowy komfort snu ka\u017cdej nocy.   <\/p>\n","protected":false},"excerpt":{"rendered":"<ul>\n<li>Wysokiej jako\u015bci po\u015bciel z perkalu w kremowym odcieniu be\u017cu<\/li>\n<li>Czesana bawe\u0142na Mako COTTON USA\u2122<\/li>\n<li>Mi\u0119kka i drobno tkana, posiada certyfikat OEKO-TEX\u00ae Standard 100<\/li>\n<li>Ukryty zamek b\u0142yskawiczny w poszewkach na poduszki i ko\u0142dry<\/li>\n<li>Szyte na zam\u00f3wienie specjalnie dla Ciebie w naszych w\u0142asnych atelier w Polsce i Niemczech<\/li>\n<\/ul>\n","protected":false},"featured_media":2556,"comment_status":"open","ping_status":"closed","template":"","meta":{"_acf_changed":false},"product_brand":[],"product_cat":[67,53],"product_tag":[],"class_list":{"0":"post-5706","1":"product","2":"type-product","3":"status-publish","4":"has-post-thumbnail","6":"product_cat-posciel-perkalowa","7":"product_cat-posciel","9":"first","10":"instock","11":"taxable","12":"shipping-taxable","13":"purchasable","14":"product-type-woosg"},"acf":[],"_links":{"self":[{"href":"https:\/\/vonschuetz.com\/pl\/wp-json\/wp\/v2\/product\/5706","targetHints":{"allow":["GET"]}}],"collection":[{"href":"https:\/\/vonschuetz.com\/pl\/wp-json\/wp\/v2\/product"}],"about":[{"href":"https:\/\/vonschuetz.com\/pl\/wp-json\/wp\/v2\/types\/product"}],"replies":[{"embeddable":true,"href":"https:\/\/vonschuetz.com\/pl\/wp-json\/wp\/v2\/comments?post=5706"}],"wp:featuredmedia":[{"embeddable":true,"href":"https:\/\/vonschuetz.com\/pl\/wp-json\/wp\/v2\/media\/2556"}],"wp:attachment":[{"href":"https:\/\/vonschuetz.com\/pl\/wp-json\/wp\/v2\/media?parent=5706"}],"wp:term":[{"taxonomy":"product_brand","embeddable":true,"href":"https:\/\/vonschuetz.com\/pl\/wp-json\/wp\/v2\/product_brand?post=5706"},{"taxonomy":"product_cat","embeddable":true,"href":"https:\/\/vonschuetz.com\/pl\/wp-json\/wp\/v2\/product_cat?post=5706"},{"taxonomy":"product_tag","embeddable":true,"href":"https:\/\/vonschuetz.com\/pl\/wp-json\/wp\/v2\/product_tag?post=5706"}],"curies":[{"name":"wp","href":"https:\/\/api.w.org\/{rel}","templated":true}]}}