{"id":5782,"date":"2025-01-08T11:59:14","date_gmt":"2025-01-08T10:59:14","guid":{"rendered":"https:\/\/vonschutz.com\/poszwa-na-koldre-z-perkalu-denim-szaroniebieski\/"},"modified":"2025-09-16T09:37:34","modified_gmt":"2025-09-16T08:37:34","slug":"poszwa-na-koldre-z-perkalu-denim-szaroniebieski","status":"publish","type":"product","link":"https:\/\/vonschuetz.com\/pl\/poszwa-na-koldre-z-perkalu-denim-szaroniebieski\/","title":{"rendered":"Poszwa na ko\u0142dr\u0119 z perkalu Denim Szaroniebieski"},"content":{"rendered":"<p>Poczuj wyj\u0105tkowy komfort snu dzi\u0119ki naszej poszwie na ko\u0142dr\u0119 Unico w odcieniu denim szaroniebieskim, starannie wykonanej w Niemczech. Ta ekskluzywna po\u015bciel, wykonana z najwy\u017cszej jako\u015bci czesanej bawe\u0142ny Cotton USA\u2122 i certyfikowana zgodnie z OEKO-TEX\u00ae Standard 100, zapewnia niezr\u00f3wnan\u0105 mi\u0119kko\u015b\u0107 oraz idealne warunki snu. Jej nowoczesny denimowy design \u0142\u0105czy elegancj\u0119 z subteln\u0105 swobod\u0105, czyni\u0105c Twoj\u0105 sypialni\u0119 stylowym miejscem relaksu. \u0141atwa w piel\u0119gnacji i ekologicznie wyprodukowana, gwarantuje d\u0142ugotrwa\u0142y komfort i zr\u00f3wnowa\u017con\u0105 jako\u015b\u0107 na lata.   <\/p>\n","protected":false},"excerpt":{"rendered":"<ul>\n<li>Wysokiej jako\u015bci poszwa na ko\u0142dr\u0119 z perkalu w kolorze denim szaroniebieskim<\/li>\n<li>Czesana bawe\u0142na Mako COTTON USA\u2122<\/li>\n<li>Mi\u0119kka i drobno tkana, posiada certyfikat OEKO-TEX\u00ae Standard 100<\/li>\n<li>Ukryty zamek b\u0142yskawiczny<\/li>\n<li>Wyprodukowano w Niemczech<\/li>\n<\/ul>\n","protected":false},"featured_media":2565,"comment_status":"open","ping_status":"closed","template":"","meta":{"_acf_changed":false},"product_brand":[],"product_cat":[493],"product_tag":[],"class_list":{"0":"post-5782","1":"product","2":"type-product","3":"status-publish","4":"has-post-thumbnail","6":"product_cat-poszwy-na-koldry","8":"first","9":"onbackorder","10":"taxable","11":"shipping-taxable","12":"purchasable","13":"product-type-variable","14":"has-default-attributes"},"acf":[],"_links":{"self":[{"href":"https:\/\/vonschuetz.com\/pl\/wp-json\/wp\/v2\/product\/5782","targetHints":{"allow":["GET"]}}],"collection":[{"href":"https:\/\/vonschuetz.com\/pl\/wp-json\/wp\/v2\/product"}],"about":[{"href":"https:\/\/vonschuetz.com\/pl\/wp-json\/wp\/v2\/types\/product"}],"replies":[{"embeddable":true,"href":"https:\/\/vonschuetz.com\/pl\/wp-json\/wp\/v2\/comments?post=5782"}],"wp:featuredmedia":[{"embeddable":true,"href":"https:\/\/vonschuetz.com\/pl\/wp-json\/wp\/v2\/media\/2565"}],"wp:attachment":[{"href":"https:\/\/vonschuetz.com\/pl\/wp-json\/wp\/v2\/media?parent=5782"}],"wp:term":[{"taxonomy":"product_brand","embeddable":true,"href":"https:\/\/vonschuetz.com\/pl\/wp-json\/wp\/v2\/product_brand?post=5782"},{"taxonomy":"product_cat","embeddable":true,"href":"https:\/\/vonschuetz.com\/pl\/wp-json\/wp\/v2\/product_cat?post=5782"},{"taxonomy":"product_tag","embeddable":true,"href":"https:\/\/vonschuetz.com\/pl\/wp-json\/wp\/v2\/product_tag?post=5782"}],"curies":[{"name":"wp","href":"https:\/\/api.w.org\/{rel}","templated":true}]}}