{"id":5799,"date":"2025-01-08T12:09:13","date_gmt":"2025-01-08T11:09:13","guid":{"rendered":"https:\/\/vonschutz.com\/przescieradlo-bez-gumki-z-perkalu-denim-szaroniebieski\/"},"modified":"2025-09-16T09:20:53","modified_gmt":"2025-09-16T08:20:53","slug":"przescieradlo-bez-gumki-z-perkalu-denim-szaroniebieski","status":"publish","type":"product","link":"https:\/\/vonschuetz.com\/pl\/przescieradlo-bez-gumki-z-perkalu-denim-szaroniebieski\/","title":{"rendered":"Prze\u015bcierad\u0142o bez gumki z perkalu Denim Szaroniebieski"},"content":{"rendered":"<p>Odkryj komfort i subteln\u0105 elegancj\u0119 dzi\u0119ki prze\u015bcierad\u0142u Unico w odcieniu denim szaroniebieskim. Wykonane z najwy\u017cszej jako\u015bci bawe\u0142ny Mako Cotton USA\u2122 i certyfikowane zgodnie z OEKO-TEX\u00ae Standard 100, to prze\u015bcierad\u0142o bez gumki zapewnia lekkie, oddychaj\u0105ce i ch\u0142odz\u0105ce doznania podczas snu. Produkowane w Niemczech, \u0142\u0105czy najwy\u017csz\u0105 jako\u015b\u0107, elegancj\u0119 i zr\u00f3wnowa\u017cony rozw\u00f3j w trendowym odcieniu denim szaroniebieskim, idealnym do nowoczesnych wn\u0119trz.  <\/p>\n<div>\n<h3>Prze\u015bcierad\u0142o bez gumki - pasuj\u0105ce do materaca<\/h3>\n<table class=\"table table-striped table-sizegudie\">\n<thead>\n<tr>\n<th>Rozmiar<\/th>\n<th>Szeroko\u015b\u0107 materaca<\/th>\n<th>D\u0142ugo\u015b\u0107 materaca<\/th>\n<th>Wysoko\u015b\u0107 materaca<\/th>\n<\/tr>\n<\/thead>\n<tbody>\n<tr>\n<td>214x294 cm<\/td>\n<td>do 120 cm<\/td>\n<td>do 200 cm<\/td>\n<td>do 27 cm<\/td>\n<\/tr>\n<tr>\n<td>254x294 cm<\/td>\n<td>do 160 cm<\/td>\n<td>do 200 cm<\/td>\n<td>do 27 cm<\/td>\n<\/tr>\n<tr>\n<td>294x314 cm<\/td>\n<td>do 200 cm<\/td>\n<td>do 220 cm<\/td>\n<td>do 27 cm<\/td>\n<\/tr>\n<\/tbody>\n<\/table>\n<\/div>\n","protected":false},"excerpt":{"rendered":"<ul>\n<li>Eleganckie prze\u015bcierad\u0142o bez gumki z perkalu w kolorze denim szaroniebieskim<\/li>\n<li>Czesana bawe\u0142na Mako COTTON USA\u2122<\/li>\n<li>Mi\u0119kka i drobno tkana, posiada certyfikat OEKO-TEX\u00ae Standard 100<\/li>\n<li>Lekkie, ch\u0142odz\u0105ce i oddychaj\u0105ce<\/li>\n<li>Wyprodukowano w Niemczech<\/li>\n<\/ul>\n","protected":false},"featured_media":2329,"comment_status":"open","ping_status":"closed","template":"","meta":{"_acf_changed":false},"product_brand":[],"product_cat":[82,76],"product_tag":[],"class_list":{"0":"post-5799","1":"product","2":"type-product","3":"status-publish","4":"has-post-thumbnail","6":"product_cat-przescieradla-bez-gumki","7":"product_cat-przescieradla","9":"first","10":"instock","11":"taxable","12":"shipping-taxable","13":"purchasable","14":"product-type-variable","15":"has-default-attributes"},"acf":[],"_links":{"self":[{"href":"https:\/\/vonschuetz.com\/pl\/wp-json\/wp\/v2\/product\/5799","targetHints":{"allow":["GET"]}}],"collection":[{"href":"https:\/\/vonschuetz.com\/pl\/wp-json\/wp\/v2\/product"}],"about":[{"href":"https:\/\/vonschuetz.com\/pl\/wp-json\/wp\/v2\/types\/product"}],"replies":[{"embeddable":true,"href":"https:\/\/vonschuetz.com\/pl\/wp-json\/wp\/v2\/comments?post=5799"}],"wp:featuredmedia":[{"embeddable":true,"href":"https:\/\/vonschuetz.com\/pl\/wp-json\/wp\/v2\/media\/2329"}],"wp:attachment":[{"href":"https:\/\/vonschuetz.com\/pl\/wp-json\/wp\/v2\/media?parent=5799"}],"wp:term":[{"taxonomy":"product_brand","embeddable":true,"href":"https:\/\/vonschuetz.com\/pl\/wp-json\/wp\/v2\/product_brand?post=5799"},{"taxonomy":"product_cat","embeddable":true,"href":"https:\/\/vonschuetz.com\/pl\/wp-json\/wp\/v2\/product_cat?post=5799"},{"taxonomy":"product_tag","embeddable":true,"href":"https:\/\/vonschuetz.com\/pl\/wp-json\/wp\/v2\/product_tag?post=5799"}],"curies":[{"name":"wp","href":"https:\/\/api.w.org\/{rel}","templated":true}]}}