{"id":5803,"date":"2025-01-08T17:56:00","date_gmt":"2025-01-08T16:56:00","guid":{"rendered":"https:\/\/vonschutz.com\/posciel-perkalowa-denim-szaroniebieski\/"},"modified":"2025-12-12T16:37:38","modified_gmt":"2025-12-12T15:37:38","slug":"posciel-perkalowa-denim-szaroniebieski","status":"publish","type":"product","link":"https:\/\/vonschuetz.com\/pl\/posciel-perkalowa-denim-szaroniebieski\/","title":{"rendered":"Po\u015bciel Perkalowa Szaroniebieski Denim"},"content":{"rendered":"<p>Poczuj wyj\u0105tkowy komfort snu dzi\u0119ki naszej po\u015bcieli Unico w odcieniu denim szaroniebieskim, starannie wykonanej w Niemczech. Stworzona z najwy\u017cszej jako\u015bci czesanej bawe\u0142ny Cotton USA\u2122, certyfikowana zgodnie z OEKO-TEX\u00ae Standard 100, zapewnia niezr\u00f3wnan\u0105 mi\u0119kko\u015b\u0107 i optymalne warunki snu. Jej nowoczesny denimowy design dodaje wn\u0119trzu ponadczasowej elegancji i subtelnej swobody, czyni\u0105c Twoj\u0105 sypialni\u0119 wyj\u0105tkowo przytulnym miejscem. Dzi\u0119ki \u0142atwej piel\u0119gnacji i ekologicznemu procesowi produkcji, oferuje luksusowy komfort snu ka\u017cdej nocy.   <\/p>\n","protected":false},"excerpt":{"rendered":"<ul>\n<li><strong>Kolorystyka: szaroniebieski \u201edenim\u201d<\/strong> \u2014 ch\u0142odny, ponadczasowy odcie\u0144, kt\u00f3ry dobrze komponuje si\u0119 z drewnem i biel\u0105.<\/li>\n<li><strong>Ch\u0142odna i oddychaj\u0105ca \u2014 prawdziwy perkal, 230 TC<\/strong>, o suchym, wyrazistym chwycie.<\/li>\n<li><strong>D\u0142ugow\u0142\u00f3knista, czesana bawe\u0142na \u2014 COTTON USA\u2122.<\/strong><\/li>\n<li><strong>Przyjazno\u015b\u0107 dla sk\u00f3ry potwierdzona \u2014 OEKO-TEX\u00ae STANDARD 100.<\/strong><\/li>\n<li><strong>Ukryty, wysokiej jako\u015bci zamek<\/strong> w poszewkach na poduszki i w poszwie na ko\u0142dr\u0119.<\/li>\n<li><strong> Szyte na zam\u00f3wienie specjalnie dla Ciebie w naszych w\u0142asnych atelier w Polsce i Niemczech <\/strong><\/li>\n<\/ul>\n","protected":false},"featured_media":2565,"comment_status":"open","ping_status":"closed","template":"","meta":{"_acf_changed":false},"product_brand":[],"product_cat":[67,53],"product_tag":[],"class_list":{"0":"post-5803","1":"product","2":"type-product","3":"status-publish","4":"has-post-thumbnail","6":"product_cat-posciel-perkalowa","7":"product_cat-posciel","9":"first","10":"instock","11":"taxable","12":"shipping-taxable","13":"purchasable","14":"product-type-woosg"},"acf":[],"_links":{"self":[{"href":"https:\/\/vonschuetz.com\/pl\/wp-json\/wp\/v2\/product\/5803","targetHints":{"allow":["GET"]}}],"collection":[{"href":"https:\/\/vonschuetz.com\/pl\/wp-json\/wp\/v2\/product"}],"about":[{"href":"https:\/\/vonschuetz.com\/pl\/wp-json\/wp\/v2\/types\/product"}],"replies":[{"embeddable":true,"href":"https:\/\/vonschuetz.com\/pl\/wp-json\/wp\/v2\/comments?post=5803"}],"wp:featuredmedia":[{"embeddable":true,"href":"https:\/\/vonschuetz.com\/pl\/wp-json\/wp\/v2\/media\/2565"}],"wp:attachment":[{"href":"https:\/\/vonschuetz.com\/pl\/wp-json\/wp\/v2\/media?parent=5803"}],"wp:term":[{"taxonomy":"product_brand","embeddable":true,"href":"https:\/\/vonschuetz.com\/pl\/wp-json\/wp\/v2\/product_brand?post=5803"},{"taxonomy":"product_cat","embeddable":true,"href":"https:\/\/vonschuetz.com\/pl\/wp-json\/wp\/v2\/product_cat?post=5803"},{"taxonomy":"product_tag","embeddable":true,"href":"https:\/\/vonschuetz.com\/pl\/wp-json\/wp\/v2\/product_tag?post=5803"}],"curies":[{"name":"wp","href":"https:\/\/api.w.org\/{rel}","templated":true}]}}