{"id":5853,"date":"2025-01-08T11:01:17","date_gmt":"2025-01-08T10:01:17","guid":{"rendered":"https:\/\/vonschutz.com\/poszewka-na-poduszke-z-perkalu-aloe-miety\/"},"modified":"2025-09-16T14:20:54","modified_gmt":"2025-09-16T13:20:54","slug":"poszewka-na-poduszke-z-perkalu-aloe-miety","status":"publish","type":"product","link":"https:\/\/vonschuetz.com\/pl\/poszewka-na-poduszke-z-perkalu-aloe-miety\/","title":{"rendered":"Poszewka na poduszk\u0119 z perkalu Aloe Mi\u0119ta"},"content":{"rendered":"<p>Od\u015bwie\u017c swoj\u0105 sypialni\u0119 dzi\u0119ki naszej poszewce na poduszk\u0119 Unico w kolorze aloesowej mi\u0119ty, starannie wykonanej w Niemczech. Ta wyj\u0105tkowo mi\u0119kka po\u015bciel, utkanej z najlepszej czesanej bawe\u0142ny Cotton USA\u2122 i certyfikowanej zgodnie z OEKO-TEX\u00ae Standard 100, zapewnia przyjemne i zdrowe warunki snu. Jej czysty i elegancki design w odcieniu \u015bwie\u017cej mi\u0119ty wprowadza do wn\u0119trza atmosfer\u0119 spokoju i relaksu. \u0141atwa w piel\u0119gnacji i ekologicznie wyprodukowana, gwarantuje komfortowy sen ka\u017cdej nocy.   <\/p>\n","protected":false},"excerpt":{"rendered":"<ul>\n<li>Wysokiej jako\u015bci czesana bawe\u0142na: komfort i mi\u0119kko\u015b\u0107<\/li>\n<li>Drobno tkana tkanina perkalowa: oddychaj\u0105ca i reguluj\u0105ca temperatur\u0119<\/li>\n<li>Certyfikat OEKO-TEX\u00ae Standard 100: bezpieczna dla ludzi i \u015brodowiska<\/li>\n<li>Ukryty zamek b\u0142yskawiczny<\/li>\n<li>Wyprodukowana w Niemczech: najwy\u017csza jako\u015b\u0107 i rzemie\u015blnicza precyzja<\/li>\n<\/ul>\n","protected":false},"featured_media":2577,"comment_status":"open","ping_status":"closed","template":"","meta":{"_acf_changed":false},"product_brand":[],"product_cat":[492],"product_tag":[],"class_list":{"0":"post-5853","1":"product","2":"type-product","3":"status-publish","4":"has-post-thumbnail","6":"product_cat-poszewki","8":"first","9":"instock","10":"taxable","11":"shipping-taxable","12":"purchasable","13":"product-type-variable","14":"has-default-attributes"},"acf":[],"_links":{"self":[{"href":"https:\/\/vonschuetz.com\/pl\/wp-json\/wp\/v2\/product\/5853","targetHints":{"allow":["GET"]}}],"collection":[{"href":"https:\/\/vonschuetz.com\/pl\/wp-json\/wp\/v2\/product"}],"about":[{"href":"https:\/\/vonschuetz.com\/pl\/wp-json\/wp\/v2\/types\/product"}],"replies":[{"embeddable":true,"href":"https:\/\/vonschuetz.com\/pl\/wp-json\/wp\/v2\/comments?post=5853"}],"wp:featuredmedia":[{"embeddable":true,"href":"https:\/\/vonschuetz.com\/pl\/wp-json\/wp\/v2\/media\/2577"}],"wp:attachment":[{"href":"https:\/\/vonschuetz.com\/pl\/wp-json\/wp\/v2\/media?parent=5853"}],"wp:term":[{"taxonomy":"product_brand","embeddable":true,"href":"https:\/\/vonschuetz.com\/pl\/wp-json\/wp\/v2\/product_brand?post=5853"},{"taxonomy":"product_cat","embeddable":true,"href":"https:\/\/vonschuetz.com\/pl\/wp-json\/wp\/v2\/product_cat?post=5853"},{"taxonomy":"product_tag","embeddable":true,"href":"https:\/\/vonschuetz.com\/pl\/wp-json\/wp\/v2\/product_tag?post=5853"}],"curies":[{"name":"wp","href":"https:\/\/api.w.org\/{rel}","templated":true}]}}