{"id":5870,"date":"2025-01-08T11:22:28","date_gmt":"2025-01-08T10:22:28","guid":{"rendered":"https:\/\/vonschutz.com\/przescieradlo-z-gumka-z-perkalu-aloe-miety\/"},"modified":"2025-09-16T14:17:21","modified_gmt":"2025-09-16T13:17:21","slug":"przescieradlo-z-gumka-z-perkalu-aloe-miety","status":"publish","type":"product","link":"https:\/\/vonschuetz.com\/pl\/przescieradlo-z-gumka-z-perkalu-aloe-miety\/","title":{"rendered":"Prze\u015bcierad\u0142o z gumk\u0105 z perkalu Aloe Mi\u0119ta"},"content":{"rendered":"<p><strong>Niezr\u00f3wnany komfort snu z prze\u015bcierad\u0142em z gumk\u0105 Unico w kolorze aloesowej mi\u0119ty<\/strong><\/p>\n<p>Wykonane z najwy\u017cszej jako\u015bci czesanej bawe\u0142ny Mako Cotton USA\u2122 o g\u0119sto\u015bci 230 TC, certyfikowane zgodnie z OEKO-TEX\u00ae Standard 100, zapewnia ch\u0142odz\u0105ce i oddychaj\u0105ce warunki snu, kt\u00f3re sprzyjaj\u0105 relaksowi i regeneracji.<\/p>\n","protected":false},"excerpt":{"rendered":"<ul>\n<li>Wysokiej jako\u015bci bawe\u0142na Mako Cotton USA\u2122<\/li>\n<li>Certyfikat OEKO-TEX\u00ae Standard 100<\/li>\n<li>Orze\u017awiaj\u0105cy odcie\u0144 aloesowej mi\u0119ty<\/li>\n<li>Idealnie dopasowane, z elastycznym wyko\u0144czeniem<\/li>\n<li>Lekka i oddychaj\u0105ca tkanina perkalowa o g\u0119sto\u015bci 230 TC<\/li>\n<li>Wyprodukowane w Niemczech: gwarancja najwy\u017cszej jako\u015bci i trwa\u0142o\u015bci<\/li>\n<\/ul>\n","protected":false},"featured_media":2377,"comment_status":"open","ping_status":"closed","template":"","meta":{"_acf_changed":false},"product_brand":[],"product_cat":[79,76],"product_tag":[],"class_list":{"0":"post-5870","1":"product","2":"type-product","3":"status-publish","4":"has-post-thumbnail","6":"product_cat-przescieradla-z-gumka","7":"product_cat-przescieradla","9":"first","10":"instock","11":"taxable","12":"shipping-taxable","13":"purchasable","14":"product-type-variable","15":"has-default-attributes"},"acf":[],"_links":{"self":[{"href":"https:\/\/vonschuetz.com\/pl\/wp-json\/wp\/v2\/product\/5870","targetHints":{"allow":["GET"]}}],"collection":[{"href":"https:\/\/vonschuetz.com\/pl\/wp-json\/wp\/v2\/product"}],"about":[{"href":"https:\/\/vonschuetz.com\/pl\/wp-json\/wp\/v2\/types\/product"}],"replies":[{"embeddable":true,"href":"https:\/\/vonschuetz.com\/pl\/wp-json\/wp\/v2\/comments?post=5870"}],"wp:featuredmedia":[{"embeddable":true,"href":"https:\/\/vonschuetz.com\/pl\/wp-json\/wp\/v2\/media\/2377"}],"wp:attachment":[{"href":"https:\/\/vonschuetz.com\/pl\/wp-json\/wp\/v2\/media?parent=5870"}],"wp:term":[{"taxonomy":"product_brand","embeddable":true,"href":"https:\/\/vonschuetz.com\/pl\/wp-json\/wp\/v2\/product_brand?post=5870"},{"taxonomy":"product_cat","embeddable":true,"href":"https:\/\/vonschuetz.com\/pl\/wp-json\/wp\/v2\/product_cat?post=5870"},{"taxonomy":"product_tag","embeddable":true,"href":"https:\/\/vonschuetz.com\/pl\/wp-json\/wp\/v2\/product_tag?post=5870"}],"curies":[{"name":"wp","href":"https:\/\/api.w.org\/{rel}","templated":true}]}}