{"id":5879,"date":"2025-01-08T11:09:11","date_gmt":"2025-01-08T10:09:11","guid":{"rendered":"https:\/\/vonschutz.com\/poszwa-na-koldre-z-perkalu-aloej-miety\/"},"modified":"2025-09-16T14:19:27","modified_gmt":"2025-09-16T13:19:27","slug":"poszwa-na-koldre-z-perkalu-aloej-miety","status":"publish","type":"product","link":"https:\/\/vonschuetz.com\/pl\/poszwa-na-koldre-z-perkalu-aloej-miety\/","title":{"rendered":"Poszwa na ko\u0142dr\u0119 z perkalu Aloe Mi\u0119ta"},"content":{"rendered":"<p>Od\u015bwie\u017c swoj\u0105 sypialni\u0119 dzi\u0119ki naszej poszwie na ko\u0142dr\u0119 Unico w kolorze aloesowej mi\u0119ty, starannie wykonanej w Niemczech. Ta wyj\u0105tkowo mi\u0119kka po\u015bciel, utkanej z najlepszej czesanej bawe\u0142ny Cotton USA\u2122 i certyfikowanej zgodnie z OEKO-TEX\u00ae Standard 100, zapewnia przyjemne i zdrowe warunki snu. Jej czysty i elegancki design w odcieniu \u015bwie\u017cej mi\u0119ty wprowadza do wn\u0119trza atmosfer\u0119 spokoju i relaksu. \u0141atwa w piel\u0119gnacji i ekologicznie wyprodukowana, gwarantuje komfortowy sen ka\u017cdej nocy.   <\/p>\n","protected":false},"excerpt":{"rendered":"<ul>\n<li>Wysokiej jako\u015bci poszwa na ko\u0142dr\u0119 w odcieniu aloesowej mi\u0119ty<\/li>\n<li>Czesana bawe\u0142na Mako COTTON USA\u2122<\/li>\n<li>Mi\u0119kka i drobno tkana, posiada certyfikat OEKO-TEX\u00ae Standard 100<\/li>\n<li>Ukryty zamek b\u0142yskawiczny<\/li>\n<li>Wyprodukowano w Niemczech<\/li>\n<\/ul>\n","protected":false},"featured_media":2577,"comment_status":"open","ping_status":"closed","template":"","meta":{"_acf_changed":false},"product_brand":[],"product_cat":[493],"product_tag":[],"class_list":{"0":"post-5879","1":"product","2":"type-product","3":"status-publish","4":"has-post-thumbnail","6":"product_cat-poszwy-na-koldry","8":"first","9":"instock","10":"taxable","11":"shipping-taxable","12":"purchasable","13":"product-type-variable","14":"has-default-attributes"},"acf":[],"_links":{"self":[{"href":"https:\/\/vonschuetz.com\/pl\/wp-json\/wp\/v2\/product\/5879","targetHints":{"allow":["GET"]}}],"collection":[{"href":"https:\/\/vonschuetz.com\/pl\/wp-json\/wp\/v2\/product"}],"about":[{"href":"https:\/\/vonschuetz.com\/pl\/wp-json\/wp\/v2\/types\/product"}],"replies":[{"embeddable":true,"href":"https:\/\/vonschuetz.com\/pl\/wp-json\/wp\/v2\/comments?post=5879"}],"wp:featuredmedia":[{"embeddable":true,"href":"https:\/\/vonschuetz.com\/pl\/wp-json\/wp\/v2\/media\/2577"}],"wp:attachment":[{"href":"https:\/\/vonschuetz.com\/pl\/wp-json\/wp\/v2\/media?parent=5879"}],"wp:term":[{"taxonomy":"product_brand","embeddable":true,"href":"https:\/\/vonschuetz.com\/pl\/wp-json\/wp\/v2\/product_brand?post=5879"},{"taxonomy":"product_cat","embeddable":true,"href":"https:\/\/vonschuetz.com\/pl\/wp-json\/wp\/v2\/product_cat?post=5879"},{"taxonomy":"product_tag","embeddable":true,"href":"https:\/\/vonschuetz.com\/pl\/wp-json\/wp\/v2\/product_tag?post=5879"}],"curies":[{"name":"wp","href":"https:\/\/api.w.org\/{rel}","templated":true}]}}