{"id":5967,"date":"2025-01-08T09:16:52","date_gmt":"2025-01-08T08:16:52","guid":{"rendered":"https:\/\/vonschutz.com\/poszwa-na-koldre-z-perkalu-szalwia-zielony\/"},"modified":"2026-03-23T14:44:04","modified_gmt":"2026-03-23T13:44:04","slug":"poszwa-na-koldre-z-perkalu-szalwia-zielony","status":"publish","type":"product","link":"https:\/\/vonschuetz.com\/pl\/poszwa-na-koldre-z-perkalu-szalwia-zielony\/","title":{"rendered":"Poszwa na ko\u0142dr\u0119 z perkalu Sza\u0142wia Zielony"},"content":{"rendered":"<p>Odkryj luksusowy komfort naszej po\u015bcieli Unico w kolorze sza\u0142wiowej zieleni, starannie wykonanej w Niemczech. Najlepsza czesana bawe\u0142na Cotton USA\u2122, certyfikowana zgodnie z OEKO-TEX\u00ae Standard 100, gwarantuje niezr\u00f3wnan\u0105 mi\u0119kko\u015b\u0107 i optymalne warunki snu. Prosty, elegancki design oraz koj\u0105cy odcie\u0144 zieleni nadaj\u0105 ka\u017cdej sypialni stylowy i harmonijny charakter. \u0141atwa w piel\u0119gnacji i ekologicznie wyprodukowana, oferuje luksusowy komfort snu ka\u017cdej nocy.   <\/p>\n","protected":false},"excerpt":{"rendered":"<ul>\n<li>Wysokiej jako\u015bci poszwa na ko\u0142dr\u0119 w kolorze sza\u0142wiowej zieleni<\/li>\n<li>Czesana bawe\u0142na Mako COTTON USA\u2122<\/li>\n<li>Mi\u0119kka i drobno tkana, posiada certyfikat OEKO-TEX\u00ae Standard 100<\/li>\n<li>Ukryty zamek b\u0142yskawiczny<\/li>\n<li>Wyprodukowano w Niemczech<\/li>\n<\/ul>\n","protected":false},"featured_media":2589,"comment_status":"open","ping_status":"closed","template":"","meta":{"_acf_changed":false},"product_brand":[],"product_cat":[493],"product_tag":[],"class_list":{"0":"post-5967","1":"product","2":"type-product","3":"status-publish","4":"has-post-thumbnail","6":"product_cat-poszwy-na-koldry","8":"first","9":"onbackorder","10":"taxable","11":"shipping-taxable","12":"purchasable","13":"product-type-variable","14":"has-default-attributes"},"acf":[],"_links":{"self":[{"href":"https:\/\/vonschuetz.com\/pl\/wp-json\/wp\/v2\/product\/5967","targetHints":{"allow":["GET"]}}],"collection":[{"href":"https:\/\/vonschuetz.com\/pl\/wp-json\/wp\/v2\/product"}],"about":[{"href":"https:\/\/vonschuetz.com\/pl\/wp-json\/wp\/v2\/types\/product"}],"replies":[{"embeddable":true,"href":"https:\/\/vonschuetz.com\/pl\/wp-json\/wp\/v2\/comments?post=5967"}],"wp:featuredmedia":[{"embeddable":true,"href":"https:\/\/vonschuetz.com\/pl\/wp-json\/wp\/v2\/media\/2589"}],"wp:attachment":[{"href":"https:\/\/vonschuetz.com\/pl\/wp-json\/wp\/v2\/media?parent=5967"}],"wp:term":[{"taxonomy":"product_brand","embeddable":true,"href":"https:\/\/vonschuetz.com\/pl\/wp-json\/wp\/v2\/product_brand?post=5967"},{"taxonomy":"product_cat","embeddable":true,"href":"https:\/\/vonschuetz.com\/pl\/wp-json\/wp\/v2\/product_cat?post=5967"},{"taxonomy":"product_tag","embeddable":true,"href":"https:\/\/vonschuetz.com\/pl\/wp-json\/wp\/v2\/product_tag?post=5967"}],"curies":[{"name":"wp","href":"https:\/\/api.w.org\/{rel}","templated":true}]}}