{"id":5984,"date":"2025-01-08T10:33:52","date_gmt":"2025-01-08T09:33:52","guid":{"rendered":"https:\/\/vonschutz.com\/przescieradlo-z-gumka-z-perkalu-szalwia-zielony\/"},"modified":"2025-09-15T22:55:39","modified_gmt":"2025-09-15T21:55:39","slug":"przescieradlo-z-gumka-z-perkalu-szalwia-zielony","status":"publish","type":"product","link":"https:\/\/vonschuetz.com\/pl\/przescieradlo-z-gumka-z-perkalu-szalwia-zielony\/","title":{"rendered":"Prze\u015bcierad\u0142o z gumk\u0105 z perkalu Sza\u0142wia Zielony"},"content":{"rendered":"<h2>Niezr\u00f3wnany komfort snu z prze\u015bcierad\u0142em z gumk\u0105 Unico w kolorze sza\u0142wiowej zieleni<\/h2>\n<p>Wykonane z najwy\u017cszej jako\u015bci czesanej bawe\u0142ny Mako Cotton USA\u2122 o g\u0119sto\u015bci 230 TC, certyfikowane zgodnie z OEKO-TEX\u00ae Standard 100, zapewnia ch\u0142odz\u0105ce i oddychaj\u0105ce warunki snu, kt\u00f3re sprzyjaj\u0105 relaksowi i regeneracji.<\/p>\n","protected":false},"excerpt":{"rendered":"<ul>\n<li>Perkalowe prze\u015bcierad\u0142o z gumk\u0105 w kolorze sza\u0142wiowej zieleni<\/li>\n<li>Czesana bawe\u0142na Mako COTTON USA\u2122<\/li>\n<li>Mi\u0119kka i drobno tkana, posiada certyfikat OEKO-TEX\u00ae Standard 100<\/li>\n<li>Lekkie, ch\u0142odz\u0105ce i oddychaj\u0105ce<\/li>\n<li>Wyprodukowano w Niemczech<\/li>\n<\/ul>\n","protected":false},"featured_media":2407,"comment_status":"open","ping_status":"closed","template":"","meta":{"_acf_changed":false},"product_brand":[],"product_cat":[79,76],"product_tag":[],"class_list":{"0":"post-5984","1":"product","2":"type-product","3":"status-publish","4":"has-post-thumbnail","6":"product_cat-przescieradla-z-gumka","7":"product_cat-przescieradla","9":"first","10":"instock","11":"taxable","12":"shipping-taxable","13":"purchasable","14":"product-type-variable","15":"has-default-attributes"},"acf":[],"_links":{"self":[{"href":"https:\/\/vonschuetz.com\/pl\/wp-json\/wp\/v2\/product\/5984","targetHints":{"allow":["GET"]}}],"collection":[{"href":"https:\/\/vonschuetz.com\/pl\/wp-json\/wp\/v2\/product"}],"about":[{"href":"https:\/\/vonschuetz.com\/pl\/wp-json\/wp\/v2\/types\/product"}],"replies":[{"embeddable":true,"href":"https:\/\/vonschuetz.com\/pl\/wp-json\/wp\/v2\/comments?post=5984"}],"wp:featuredmedia":[{"embeddable":true,"href":"https:\/\/vonschuetz.com\/pl\/wp-json\/wp\/v2\/media\/2407"}],"wp:attachment":[{"href":"https:\/\/vonschuetz.com\/pl\/wp-json\/wp\/v2\/media?parent=5984"}],"wp:term":[{"taxonomy":"product_brand","embeddable":true,"href":"https:\/\/vonschuetz.com\/pl\/wp-json\/wp\/v2\/product_brand?post=5984"},{"taxonomy":"product_cat","embeddable":true,"href":"https:\/\/vonschuetz.com\/pl\/wp-json\/wp\/v2\/product_cat?post=5984"},{"taxonomy":"product_tag","embeddable":true,"href":"https:\/\/vonschuetz.com\/pl\/wp-json\/wp\/v2\/product_tag?post=5984"}],"curies":[{"name":"wp","href":"https:\/\/api.w.org\/{rel}","templated":true}]}}