{"id":6048,"date":"2025-01-06T15:48:50","date_gmt":"2025-01-06T14:48:50","guid":{"rendered":"https:\/\/vonschutz.com\/perkalowa-poszewka-na-poduszke-pure-biala\/"},"modified":"2025-10-16T08:11:31","modified_gmt":"2025-10-16T07:11:31","slug":"perkalowa-poszewka-na-poduszke-pure-biala","status":"publish","type":"product","link":"https:\/\/vonschuetz.com\/pl\/perkalowa-poszewka-na-poduszke-pure-biala\/","title":{"rendered":"Perkalowa poszewka na poduszk\u0119 Pure Bia\u0142y"},"content":{"rendered":"<p>Poczuj najwy\u017cszy luksus i ponadczasow\u0105 elegancj\u0119 z nasz\u0105 perkalow\u0105 poszewk\u0105 na poduszk\u0119 \u201ePure Bia\u0142a\u201d. Wykonana z najwy\u017cszej jako\u015bci czesanej bawe\u0142ny COTTON USA\u2122 i drobno tkanego perkalu, zapewnia niezwyk\u0142y komfort snu. Oddychaj\u0105ca i trwa\u0142a tkanina posiada ukryty zamek b\u0142yskawiczny i certyfikat OEKO-TEX\u00ae Standard 100. Wyprodukowana w Niemczech, w naszej manufakturze w Seelze. Oferujemy Ci najlepszy luksus i komfort do Twojej sypialni.    <\/p>\n","protected":false},"excerpt":{"rendered":"<ul>\n<li>Wysokiej jako\u015bci perkalowe poszewki w czystej bieli<\/li>\n<li>Czesana bawe\u0142na Mako COTTON USA\u2122<\/li>\n<li>Mi\u0119kka i drobno tkana, posiada certyfikat OEKO-TEX\u00ae Standard 100<\/li>\n<li>Ukryty zamek b\u0142yskawiczny<\/li>\n<li>Wyprodukowano w Niemczech<\/li>\n<\/ul>\n","protected":false},"featured_media":2601,"template":"","meta":{"_acf_changed":false},"product_brand":[],"product_cat":[492],"product_tag":[],"class_list":{"0":"post-6048","1":"product","2":"type-product","3":"status-publish","4":"has-post-thumbnail","6":"product_cat-poszewki","8":"first","9":"instock","10":"taxable","11":"shipping-taxable","12":"purchasable","13":"product-type-variable","14":"has-default-attributes"},"acf":[],"_links":{"self":[{"href":"https:\/\/vonschuetz.com\/pl\/wp-json\/wp\/v2\/product\/6048","targetHints":{"allow":["GET"]}}],"collection":[{"href":"https:\/\/vonschuetz.com\/pl\/wp-json\/wp\/v2\/product"}],"about":[{"href":"https:\/\/vonschuetz.com\/pl\/wp-json\/wp\/v2\/types\/product"}],"wp:featuredmedia":[{"embeddable":true,"href":"https:\/\/vonschuetz.com\/pl\/wp-json\/wp\/v2\/media\/2601"}],"wp:attachment":[{"href":"https:\/\/vonschuetz.com\/pl\/wp-json\/wp\/v2\/media?parent=6048"}],"wp:term":[{"taxonomy":"product_brand","embeddable":true,"href":"https:\/\/vonschuetz.com\/pl\/wp-json\/wp\/v2\/product_brand?post=6048"},{"taxonomy":"product_cat","embeddable":true,"href":"https:\/\/vonschuetz.com\/pl\/wp-json\/wp\/v2\/product_cat?post=6048"},{"taxonomy":"product_tag","embeddable":true,"href":"https:\/\/vonschuetz.com\/pl\/wp-json\/wp\/v2\/product_tag?post=6048"}],"curies":[{"name":"wp","href":"https:\/\/api.w.org\/{rel}","templated":true}]}}