{"id":6065,"date":"2025-01-07T11:03:35","date_gmt":"2025-01-07T10:03:35","guid":{"rendered":"https:\/\/vonschutz.com\/perkalowe-przescieradlo-z-gumka-pure-biale\/"},"modified":"2026-03-13T20:33:39","modified_gmt":"2026-03-13T19:33:39","slug":"perkalowe-przescieradlo-z-gumka-pure-biale","status":"publish","type":"product","link":"https:\/\/vonschuetz.com\/pl\/perkalowe-przescieradlo-z-gumka-pure-biale\/","title":{"rendered":"Perkalowe prze\u015bcierad\u0142o z gumk\u0105 Pure Bia\u0142y"},"content":{"rendered":"<p>Poczuj najwy\u017cszy luksus i ponadczasow\u0105 elegancj\u0119 z naszym perkalowym prze\u015bcierad\u0142em z gumk\u0105 \u201ePure Bia\u0142e\u201d. Wykonane z najwy\u017cszej jako\u015bci czesanej bawe\u0142ny COTTON USA\u2122 i drobno tkanego perkalu, zapewnia niezwyk\u0142y komfort snu. Oddychaj\u0105ca i trwa\u0142a tkanina jest przyjazna dla sk\u00f3ry i posiada certyfikat OEKO-TEX\u00ae Standard 100. Wyprodukowane w Niemczech, w naszej manufakturze w Seelze.    <\/p>\n","protected":false},"excerpt":{"rendered":"<ul>\n<li>Naturalne perkalowe prze\u015bcierad\u0142o z gumk\u0105 w czystej bieli<\/li>\n<li>Czesana bawe\u0142na Mako COTTON USA\u2122<\/li>\n<li>Mi\u0119kka i drobno tkana, posiada certyfikat OEKO-TEX\u00ae Standard 100<\/li>\n<li>Idealnie dopasowane, z elastycznym wyko\u0144czeniem<\/li>\n<li>Wyprodukowano w Niemczech<\/li>\n<\/ul>\n","protected":false},"featured_media":2413,"template":"","meta":{"_acf_changed":false},"product_brand":[],"product_cat":[79,76],"product_tag":[],"class_list":{"0":"post-6065","1":"product","2":"type-product","3":"status-publish","4":"has-post-thumbnail","6":"product_cat-przescieradla-z-gumka","7":"product_cat-przescieradla","9":"first","10":"instock","11":"taxable","12":"shipping-taxable","13":"purchasable","14":"product-type-variable","15":"has-default-attributes"},"acf":[],"_links":{"self":[{"href":"https:\/\/vonschuetz.com\/pl\/wp-json\/wp\/v2\/product\/6065","targetHints":{"allow":["GET"]}}],"collection":[{"href":"https:\/\/vonschuetz.com\/pl\/wp-json\/wp\/v2\/product"}],"about":[{"href":"https:\/\/vonschuetz.com\/pl\/wp-json\/wp\/v2\/types\/product"}],"wp:featuredmedia":[{"embeddable":true,"href":"https:\/\/vonschuetz.com\/pl\/wp-json\/wp\/v2\/media\/2413"}],"wp:attachment":[{"href":"https:\/\/vonschuetz.com\/pl\/wp-json\/wp\/v2\/media?parent=6065"}],"wp:term":[{"taxonomy":"product_brand","embeddable":true,"href":"https:\/\/vonschuetz.com\/pl\/wp-json\/wp\/v2\/product_brand?post=6065"},{"taxonomy":"product_cat","embeddable":true,"href":"https:\/\/vonschuetz.com\/pl\/wp-json\/wp\/v2\/product_cat?post=6065"},{"taxonomy":"product_tag","embeddable":true,"href":"https:\/\/vonschuetz.com\/pl\/wp-json\/wp\/v2\/product_tag?post=6065"}],"curies":[{"name":"wp","href":"https:\/\/api.w.org\/{rel}","templated":true}]}}