{"id":6092,"date":"2025-01-07T12:54:16","date_gmt":"2025-01-07T11:54:16","guid":{"rendered":"https:\/\/vonschutz.com\/perkalowe-przescieradlo-bez-gumki-pure-biale\/"},"modified":"2025-09-15T23:31:23","modified_gmt":"2025-09-15T22:31:23","slug":"perkalowe-przescieradlo-bez-gumki-pure-biale","status":"publish","type":"product","link":"https:\/\/vonschuetz.com\/pl\/perkalowe-przescieradlo-bez-gumki-pure-biale\/","title":{"rendered":"Perkalowe prze\u015bcierad\u0142o bez gumki Pure Bia\u0142y"},"content":{"rendered":"<p>Poczuj luksusowy komfort snu z prze\u015bcierad\u0142em Pure Bia\u0142e Unico od VON SCH\u00dcTZ. Wykonane z wysokiej jako\u015bci bawe\u0142ny Mako COTTON USA\u2122 i certyfikowane przez OEKO-TEX\u00ae Standard 100, zapewnia przewiewne, lekkie i oddychaj\u0105ce doznania podczas snu. Wyprodukowane w Niemczech, \u0142\u0105czy najwy\u017csz\u0105 jako\u015b\u0107 z ponadczasow\u0105 elegancj\u0105 i trwa\u0142o\u015bci\u0105.  <\/p>\n<div>\n<h3>Prze\u015bcierad\u0142o bez gumki - pasuj\u0105ce do materaca<\/h3>\n<table class=\"table table-striped table-sizegudie\">\n<thead>\n<tr>\n<th>Rozmiar<\/th>\n<th>Szeroko\u015b\u0107 materaca<\/th>\n<th>D\u0142ugo\u015b\u0107 materaca<\/th>\n<th>Wysoko\u015b\u0107 materaca<\/th>\n<\/tr>\n<\/thead>\n<tbody>\n<tr>\n<td>214x294 cm<\/td>\n<td>do 120 cm<\/td>\n<td>do 200 cm<\/td>\n<td>do 27 cm<\/td>\n<\/tr>\n<tr>\n<td>254x294 cm<\/td>\n<td>do 160 cm<\/td>\n<td>do 200 cm<\/td>\n<td>do 27 cm<\/td>\n<\/tr>\n<tr>\n<td>294x314 cm<\/td>\n<td>do 200 cm<\/td>\n<td>do 220 cm<\/td>\n<td>do 27 cm<\/td>\n<\/tr>\n<\/tbody>\n<\/table>\n<\/div>\n","protected":false},"excerpt":{"rendered":"<ul>\n<li>Eleganckie perkalowe prze\u015bcierad\u0142o bez gumki w czystej bieli<\/li>\n<li>Czesana bawe\u0142na Mako COTTON USA\u2122<\/li>\n<li>Mi\u0119kka i drobno tkana, posiada certyfikat OEKO-TEX\u00ae Standard 100<\/li>\n<li>Lekkie, ch\u0142odz\u0105ce i oddychaj\u0105ce<\/li>\n<li>Wyprodukowano w Niemczech<\/li>\n<\/ul>\n","protected":false},"featured_media":2356,"template":"","meta":{"_acf_changed":false},"product_brand":[],"product_cat":[82,76],"product_tag":[],"class_list":{"0":"post-6092","1":"product","2":"type-product","3":"status-publish","4":"has-post-thumbnail","6":"product_cat-przescieradla-bez-gumki","7":"product_cat-przescieradla","9":"first","10":"instock","11":"taxable","12":"shipping-taxable","13":"purchasable","14":"product-type-variable","15":"has-default-attributes"},"acf":[],"_links":{"self":[{"href":"https:\/\/vonschuetz.com\/pl\/wp-json\/wp\/v2\/product\/6092","targetHints":{"allow":["GET"]}}],"collection":[{"href":"https:\/\/vonschuetz.com\/pl\/wp-json\/wp\/v2\/product"}],"about":[{"href":"https:\/\/vonschuetz.com\/pl\/wp-json\/wp\/v2\/types\/product"}],"wp:featuredmedia":[{"embeddable":true,"href":"https:\/\/vonschuetz.com\/pl\/wp-json\/wp\/v2\/media\/2356"}],"wp:attachment":[{"href":"https:\/\/vonschuetz.com\/pl\/wp-json\/wp\/v2\/media?parent=6092"}],"wp:term":[{"taxonomy":"product_brand","embeddable":true,"href":"https:\/\/vonschuetz.com\/pl\/wp-json\/wp\/v2\/product_brand?post=6092"},{"taxonomy":"product_cat","embeddable":true,"href":"https:\/\/vonschuetz.com\/pl\/wp-json\/wp\/v2\/product_cat?post=6092"},{"taxonomy":"product_tag","embeddable":true,"href":"https:\/\/vonschuetz.com\/pl\/wp-json\/wp\/v2\/product_tag?post=6092"}],"curies":[{"name":"wp","href":"https:\/\/api.w.org\/{rel}","templated":true}]}}